{"id":1320,"date":"2025-10-16T20:45:33","date_gmt":"2025-10-16T18:45:33","guid":{"rendered":"https:\/\/greenbull.hr\/?page_id=1320"},"modified":"2026-02-20T14:21:18","modified_gmt":"2026-02-20T12:21:18","slug":"nasa-tehnologija","status":"publish","type":"page","link":"https:\/\/greenbull.hr\/en\/nasa-tehnologija\/","title":{"rendered":"Our Technology"},"content":{"rendered":"<div data-elementor-type=\"wp-page\" data-elementor-id=\"1320\" class=\"elementor elementor-1320\" data-elementor-post-type=\"page\">\n\t\t\t\t<div class=\"elementor-element elementor-element-c4ba7f1 e-con-full e-flex e-con e-parent\" data-id=\"c4ba7f1\" data-element_type=\"container\" data-settings=\"{&quot;background_background&quot;:&quot;classic&quot;,&quot;jet_parallax_layout_list&quot;:[]}\">\n\t\t\t\t<div class=\"elementor-element elementor-element-c81ee15 elementor-invisible elementor-widget elementor-widget-heading\" data-id=\"c81ee15\" data-element_type=\"widget\" data-settings=\"{&quot;_animation&quot;:&quot;slideInDown&quot;,&quot;_animation_delay&quot;:300}\" data-widget_type=\"heading.default\">\n\t\t\t\t\t<h2 class=\"elementor-heading-title elementor-size-default\">OUR TECHNOLOGY<\/h2>\t\t\t\t<\/div>\n\t\t\t\t<div class=\"elementor-element elementor-element-fce0cde elementor-widget__width-initial elementor-invisible elementor-widget elementor-widget-text-editor\" data-id=\"fce0cde\" data-element_type=\"widget\" data-settings=\"{&quot;_animation&quot;:&quot;slideInUp&quot;,&quot;_animation_delay&quot;:500}\" data-widget_type=\"text-editor.default\">\n\t\t\t\t\t\t\t\t\t<p>The Green Bull Institute is a scientific research center dedicated to the development of advanced technologies for the extraction, analysis and standardization of plant extracts with special emphasis on cannabinoids, terpenes and other bioactive compounds.\u00a0<\/p>\t\t\t\t\t\t\t\t<\/div>\n\t\t\t\t<\/div>\n\t\t<div class=\"elementor-element elementor-element-49cd2e7 e-flex e-con-boxed e-con e-parent\" data-id=\"49cd2e7\" data-element_type=\"container\" data-settings=\"{&quot;jet_parallax_layout_list&quot;:[]}\">\n\t\t\t\t\t<div class=\"e-con-inner\">\n\t\t<div class=\"elementor-element elementor-element-c66237c e-con-full e-flex e-con e-child\" data-id=\"c66237c\" data-element_type=\"container\" data-settings=\"{&quot;jet_parallax_layout_list&quot;:[]}\">\n\t\t<div class=\"elementor-element elementor-element-f3c8d8f e-con-full e-flex e-con e-child\" data-id=\"f3c8d8f\" data-element_type=\"container\" data-settings=\"{&quot;jet_parallax_layout_list&quot;:[]}\">\n\t\t\t\t<div class=\"elementor-element elementor-element-7ea236f elementor-widget elementor-widget-heading\" data-id=\"7ea236f\" data-element_type=\"widget\" data-widget_type=\"heading.default\">\n\t\t\t\t\t<h2 class=\"elementor-heading-title elementor-size-default\">Green Bull <br>Institute for Advanced Botanical Research<\/h2>\t\t\t\t<\/div>\n\t\t\t\t<\/div>\n\t\t<div class=\"elementor-element elementor-element-7492734 e-con-full e-flex e-con e-child\" data-id=\"7492734\" data-element_type=\"container\" data-settings=\"{&quot;jet_parallax_layout_list&quot;:[]}\">\n\t\t<div class=\"elementor-element elementor-element-7be3435 e-con-full e-flex e-con e-child\" data-id=\"7be3435\" data-element_type=\"container\" data-settings=\"{&quot;jet_parallax_layout_list&quot;:[]}\">\n\t\t<div class=\"elementor-element elementor-element-3912a26 e-con-full e-flex e-con e-child\" data-id=\"3912a26\" data-element_type=\"container\" data-settings=\"{&quot;jet_parallax_layout_list&quot;:[]}\">\n\t\t\t\t<div class=\"elementor-element elementor-element-33ae10e elementor-invisible elementor-widget elementor-widget-icon-box\" data-id=\"33ae10e\" data-element_type=\"widget\" data-settings=\"{&quot;_animation&quot;:&quot;fadeInUp&quot;}\" data-widget_type=\"icon-box.default\">\n\t\t\t\t\t\t\t<div class=\"elementor-icon-box-wrapper\">\n\n\t\t\t\n\t\t\t\t\t\t<div class=\"elementor-icon-box-content\">\n\n\t\t\t\t\t\t\t\t\t<h3 class=\"elementor-icon-box-title\">\n\t\t\t\t\t\t<span  >\n\t\t\t\t\t\t\tOur<br>goal\t\t\t\t\t\t<\/span>\n\t\t\t\t\t<\/h3>\n\t\t\t\t\n\t\t\t\t\t\t\t\t\t<p class=\"elementor-icon-box-description\">\n\t\t\t\t\t\tOur goal is to connect science and industry through innovative approaches that enable the application of natural ingredients in the pharmaceutical, cosmetic and food industries.\t\t\t\t\t<\/p>\n\t\t\t\t\n\t\t\t<\/div>\n\t\t\t\n\t\t<\/div>\n\t\t\t\t\t\t<\/div>\n\t\t\t\t<\/div>\n\t\t<div class=\"elementor-element elementor-element-cd1964e e-con-full e-flex e-con e-child\" data-id=\"cd1964e\" data-element_type=\"container\" data-settings=\"{&quot;jet_parallax_layout_list&quot;:[]}\">\n\t\t\t\t<div class=\"elementor-element elementor-element-dbdb121 elementor-invisible elementor-widget elementor-widget-icon-box\" data-id=\"dbdb121\" data-element_type=\"widget\" data-settings=\"{&quot;_animation&quot;:&quot;fadeInUp&quot;}\" data-widget_type=\"icon-box.default\">\n\t\t\t\t\t\t\t<div class=\"elementor-icon-box-wrapper\">\n\n\t\t\t\n\t\t\t\t\t\t<div class=\"elementor-icon-box-content\">\n\n\t\t\t\t\t\t\t\t\t<h3 class=\"elementor-icon-box-title\">\n\t\t\t\t\t\t<span  >\n\t\t\t\t\t\t\tOur <br>mission\t\t\t\t\t\t<\/span>\n\t\t\t\t\t<\/h3>\n\t\t\t\t\n\t\t\t\t\t\t\t\t\t<p class=\"elementor-icon-box-description\">\n\t\t\t\t\t\tThrough a multidisciplinary team of scientists and engineers, the Institute researches and develops sustainable and highly efficient extraction processes, advanced analysis methods and new formulations of natural products. \t\t\t\t\t<\/p>\n\t\t\t\t\n\t\t\t<\/div>\n\t\t\t\n\t\t<\/div>\n\t\t\t\t\t\t<\/div>\n\t\t\t\t<\/div>\n\t\t<div class=\"elementor-element elementor-element-c90d478 e-con-full e-flex e-con e-child\" data-id=\"c90d478\" data-element_type=\"container\" data-settings=\"{&quot;jet_parallax_layout_list&quot;:[]}\">\n\t\t\t\t<div class=\"elementor-element elementor-element-3d7be38 elementor-invisible elementor-widget elementor-widget-icon-box\" data-id=\"3d7be38\" data-element_type=\"widget\" data-settings=\"{&quot;_animation&quot;:&quot;fadeInUp&quot;}\" data-widget_type=\"icon-box.default\">\n\t\t\t\t\t\t\t<div class=\"elementor-icon-box-wrapper\">\n\n\t\t\t\n\t\t\t\t\t\t<div class=\"elementor-icon-box-content\">\n\n\t\t\t\t\t\t\t\t\t<h3 class=\"elementor-icon-box-title\">\n\t\t\t\t\t\t<span  >\n\t\t\t\t\t\t\tOur<br>focus\t\t\t\t\t\t<\/span>\n\t\t\t\t\t<\/h3>\n\t\t\t\t\n\t\t\t\t\t\t\t\t\t<p class=\"elementor-icon-box-description\">\n\t\t\t\t\t\tOur focus is on scientifically based results, transparency and the highest quality standards.\t\t\t\t\t<\/p>\n\t\t\t\t\n\t\t\t<\/div>\n\t\t\t\n\t\t<\/div>\n\t\t\t\t\t\t<\/div>\n\t\t\t\t<\/div>\n\t\t\t\t<\/div>\n\t\t\t\t<\/div>\n\t\t\t\t<\/div>\n\t\t\t\t\t<\/div>\n\t\t\t\t<\/div>\n\t\t<div class=\"elementor-element elementor-element-2e02db5 e-flex e-con-boxed e-con e-parent\" data-id=\"2e02db5\" data-element_type=\"container\" data-settings=\"{&quot;jet_parallax_layout_list&quot;:[]}\">\n\t\t\t\t\t<div class=\"e-con-inner\">\n\t\t<div class=\"elementor-element elementor-element-26bff83 e-con-full e-flex e-con e-child\" data-id=\"26bff83\" data-element_type=\"container\" data-settings=\"{&quot;jet_parallax_layout_list&quot;:[]}\">\n\t\t<div class=\"elementor-element elementor-element-54038cb e-con-full e-flex e-con e-child\" data-id=\"54038cb\" data-element_type=\"container\" data-settings=\"{&quot;jet_parallax_layout_list&quot;:[]}\">\n\t\t\t\t<div class=\"elementor-element elementor-element-82c3d1e elementor-widget elementor-widget-image\" data-id=\"82c3d1e\" data-element_type=\"widget\" data-widget_type=\"image.default\">\n\t\t\t\t\t\t\t\t\t\t\t\t\t\t\t<img fetchpriority=\"high\" decoding=\"async\" width=\"1280\" height=\"1920\" src=\"https:\/\/greenbull.hr\/wp-content\/uploads\/2025\/08\/green-bull-cbd-oil-co2-critical-ethanol-just-ask-samo-pitaj-40.jpg\" class=\"attachment-full size-full wp-image-972\" alt=\"\" srcset=\"https:\/\/greenbull.hr\/wp-content\/uploads\/2025\/08\/green-bull-cbd-oil-co2-critical-ethanol-just-ask-samo-pitaj-40.jpg 1280w, https:\/\/greenbull.hr\/wp-content\/uploads\/2025\/08\/green-bull-cbd-oil-co2-critical-ethanol-just-ask-samo-pitaj-40-200x300.jpg 200w, https:\/\/greenbull.hr\/wp-content\/uploads\/2025\/08\/green-bull-cbd-oil-co2-critical-ethanol-just-ask-samo-pitaj-40-683x1024.jpg 683w, https:\/\/greenbull.hr\/wp-content\/uploads\/2025\/08\/green-bull-cbd-oil-co2-critical-ethanol-just-ask-samo-pitaj-40-768x1152.jpg 768w, https:\/\/greenbull.hr\/wp-content\/uploads\/2025\/08\/green-bull-cbd-oil-co2-critical-ethanol-just-ask-samo-pitaj-40-1024x1536.jpg 1024w, https:\/\/greenbull.hr\/wp-content\/uploads\/2025\/08\/green-bull-cbd-oil-co2-critical-ethanol-just-ask-samo-pitaj-40-8x12.jpg 8w\" sizes=\"(max-width: 1280px) 100vw, 1280px\" \/>\t\t\t\t\t\t\t\t\t\t\t\t\t\t\t<\/div>\n\t\t\t\t<\/div>\n\t\t<div class=\"elementor-element elementor-element-32f9bdc e-con-full e-flex e-con e-child\" data-id=\"32f9bdc\" data-element_type=\"container\" data-settings=\"{&quot;jet_parallax_layout_list&quot;:[]}\">\n\t\t\t\t<div class=\"elementor-element elementor-element-a8091a3 elementor-widget elementor-widget-image\" data-id=\"a8091a3\" data-element_type=\"widget\" data-widget_type=\"image.default\">\n\t\t\t\t\t\t\t\t\t\t\t\t\t\t\t<img decoding=\"async\" width=\"1280\" height=\"1920\" src=\"https:\/\/greenbull.hr\/wp-content\/uploads\/2025\/08\/green-bull-cbd-oil-co2-critical-ethanol-just-ask-samo-pitaj-32.jpg\" class=\"attachment-full size-full wp-image-964\" alt=\"\" srcset=\"https:\/\/greenbull.hr\/wp-content\/uploads\/2025\/08\/green-bull-cbd-oil-co2-critical-ethanol-just-ask-samo-pitaj-32.jpg 1280w, https:\/\/greenbull.hr\/wp-content\/uploads\/2025\/08\/green-bull-cbd-oil-co2-critical-ethanol-just-ask-samo-pitaj-32-200x300.jpg 200w, https:\/\/greenbull.hr\/wp-content\/uploads\/2025\/08\/green-bull-cbd-oil-co2-critical-ethanol-just-ask-samo-pitaj-32-683x1024.jpg 683w, https:\/\/greenbull.hr\/wp-content\/uploads\/2025\/08\/green-bull-cbd-oil-co2-critical-ethanol-just-ask-samo-pitaj-32-768x1152.jpg 768w, https:\/\/greenbull.hr\/wp-content\/uploads\/2025\/08\/green-bull-cbd-oil-co2-critical-ethanol-just-ask-samo-pitaj-32-1024x1536.jpg 1024w, https:\/\/greenbull.hr\/wp-content\/uploads\/2025\/08\/green-bull-cbd-oil-co2-critical-ethanol-just-ask-samo-pitaj-32-8x12.jpg 8w\" sizes=\"(max-width: 1280px) 100vw, 1280px\" \/>\t\t\t\t\t\t\t\t\t\t\t\t\t\t\t<\/div>\n\t\t\t\t<\/div>\n\t\t\t\t<\/div>\n\t\t<div class=\"elementor-element elementor-element-cc86c6a e-con-full e-flex e-con e-child\" data-id=\"cc86c6a\" data-element_type=\"container\" data-settings=\"{&quot;jet_parallax_layout_list&quot;:[]}\">\n\t\t\t\t<div class=\"elementor-element elementor-element-76174e2 elementor-widget elementor-widget-heading\" data-id=\"76174e2\" data-element_type=\"widget\" data-widget_type=\"heading.default\">\n\t\t\t\t\t<h2 class=\"elementor-heading-title elementor-size-default\">Our Science Team<\/h2>\t\t\t\t<\/div>\n\t\t\t\t<div class=\"elementor-element elementor-element-452e87f elementor-widget__width-initial elementor-widget elementor-widget-text-editor\" data-id=\"452e87f\" data-element_type=\"widget\" data-widget_type=\"text-editor.default\">\n\t\t\t\t\t\t\t\t\t<p>Our research team consists of PhDs, chemists, biotechnologists and industrial application experts with many years of experience in the fields of phytochemistry, pharmaceutical technology and product development.<\/p>\t\t\t\t\t\t\t\t<\/div>\n\t\t\t\t<\/div>\n\t\t\t\t\t<\/div>\n\t\t\t\t<\/div>\n\t\t<div class=\"elementor-element elementor-element-f27753b e-flex e-con-boxed e-con e-parent\" data-id=\"f27753b\" data-element_type=\"container\" data-settings=\"{&quot;jet_parallax_layout_list&quot;:[]}\">\n\t\t\t\t\t<div class=\"e-con-inner\">\n\t\t\t\t<div class=\"elementor-element elementor-element-17a5351 elementor-widget__width-initial elementor-widget elementor-widget-heading\" data-id=\"17a5351\" data-element_type=\"widget\" data-widget_type=\"heading.default\">\n\t\t\t\t\t<h2 class=\"elementor-heading-title elementor-size-default\">Research Departments<\/h2>\t\t\t\t<\/div>\n\t\t\t\t<div class=\"elementor-element elementor-element-4d6a9f5 elementor-widget__width-initial elementor-widget elementor-widget-text-editor\" data-id=\"4d6a9f5\" data-element_type=\"widget\" data-widget_type=\"text-editor.default\">\n\t\t\t\t\t\t\t\t\t<p><strong>1. Phytochemistry and extraction technologies<br \/><\/strong><\/p><p>We develop and optimize the processes of supercritical CO\u2082 extraction, ethanol extraction and fractionation of bioactive compounds. All processes are carried out in a closed cycle, according to internal SOPs (Standard Operating Procedures), with full control of temperature, pressure and media purity.<\/p><p><strong>2. Analytical chemistry and quality control<br \/><\/strong><\/p><p>We use validated HPLC, GC-MS, FTIR and UV-VIS methods for the identification and quantification of cannabinoids, terpenes and flavonoids. Our protocols ensure high reproducibility and reliability of results in accordance with international standards.<\/p><p><strong>3. Applied research and formulation<br \/><\/strong><\/p><p>In cooperation with industrial partners, we develop innovative formulations for cosmetic, pharmaceutical and nutraceutical applications, based on scientifically verified extracts. Our equipment and infrastructure Green Bull Institute operates in a facility with an area of \u200b\u200b2,000 m\u00b2, located at Kurtovi\u0107i 17, Klis (Croatia). The facility contains a modernly equipped laboratory, a pilot plant for extraction and distillation, and a dedicated space for formulation development and quality control.<\/p>\t\t\t\t\t\t\t\t<\/div>\n\t\t\t\t\t<\/div>\n\t\t\t\t<\/div>\n\t\t<div class=\"elementor-element elementor-element-b2c1895 e-flex e-con-boxed e-con e-parent\" data-id=\"b2c1895\" data-element_type=\"container\" data-settings=\"{&quot;jet_parallax_layout_list&quot;:[]}\">\n\t\t\t\t\t<div class=\"e-con-inner\">\n\t\t<div class=\"elementor-element elementor-element-bada7cb e-con-full e-flex e-con e-child\" data-id=\"bada7cb\" data-element_type=\"container\" data-settings=\"{&quot;jet_parallax_layout_list&quot;:[]}\">\n\t\t<div class=\"elementor-element elementor-element-b5ecaf7 e-con-full e-flex e-con e-child\" data-id=\"b5ecaf7\" data-element_type=\"container\" data-settings=\"{&quot;jet_parallax_layout_list&quot;:[]}\">\n\t\t\t\t<div class=\"elementor-element elementor-element-52cc858 elementor-widget__width-initial elementor-widget elementor-widget-text-editor\" data-id=\"52cc858\" data-element_type=\"widget\" data-widget_type=\"text-editor.default\">\n\t\t\t\t\t\t\t\t\t<p>The institute has the most modern systems for the extraction and processing of plant materials:<\/p><ul><li>3\u00d7 Apeks Supercritical \u201cThe Force\u201d (120 L CO\u2082 extraction units)<\/li><li>Capna ATLES Ethanol Extraction Line (30 kg batch)<\/li><li>ARES Short-Path Distillation Units<\/li><li>YHCHEM JGR-200 L reactors with precise temperature control<\/li><li>Filtration, winterization and decarboxylation systems<\/li><li>Analytical support: HPLC, GC-MS, UV-VIS and FTIR (in collaboration with partner laboratories)<\/li><\/ul><p>All processes are carried out in a closed cycle, with automated control of parameters and complete media recirculation, which ensures safety, reproducibility and environmental sustainability.<\/p>\t\t\t\t\t\t\t\t<\/div>\n\t\t\t\t<\/div>\n\t\t\t\t<\/div>\n\t\t\t\t\t<\/div>\n\t\t\t\t<\/div>\n\t\t<div class=\"elementor-element elementor-element-3b86e59 e-flex e-con-boxed e-con e-parent\" data-id=\"3b86e59\" data-element_type=\"container\" data-settings=\"{&quot;jet_parallax_layout_list&quot;:[]}\">\n\t\t\t\t\t<div class=\"e-con-inner\">\n\t\t<div class=\"elementor-element elementor-element-ed2cc11 e-con-full e-flex e-con e-child\" data-id=\"ed2cc11\" data-element_type=\"container\" data-settings=\"{&quot;jet_parallax_layout_list&quot;:[]}\">\n\t\t<div class=\"elementor-element elementor-element-4c70573 e-con-full e-flex e-con e-child\" data-id=\"4c70573\" data-element_type=\"container\" data-settings=\"{&quot;jet_parallax_layout_list&quot;:[]}\">\n\t\t\t\t<div class=\"elementor-element elementor-element-3e44548 elementor-widget elementor-widget-heading\" data-id=\"3e44548\" data-element_type=\"widget\" data-widget_type=\"heading.default\">\n\t\t\t\t\t<h2 class=\"elementor-heading-title elementor-size-default\">Projects and research<\/h2>\t\t\t\t<\/div>\n\t\t\t\t<div class=\"elementor-element elementor-element-2924b71 elementor-invisible elementor-widget elementor-widget-heading\" data-id=\"2924b71\" data-element_type=\"widget\" data-settings=\"{&quot;_animation&quot;:&quot;slideInDown&quot;,&quot;_animation_delay&quot;:500}\" data-widget_type=\"heading.default\">\n\t\t\t\t\t<h2 class=\"elementor-heading-title elementor-size-default\">Current projects<\/h2>\t\t\t\t<\/div>\n\t\t\t\t<div class=\"elementor-element elementor-element-54e74c6 elementor-widget__width-initial elementor-widget elementor-widget-text-editor\" data-id=\"54e74c6\" data-element_type=\"widget\" data-widget_type=\"text-editor.default\">\n\t\t\t\t\t\t\t\t\t<ul><li>Standardization of extracts for cosmetic and pharmaceutical use<\/li><li>Stability of cannabinoids in different solvents and formulations<\/li><li>Terpene profile analysis using GC-MS and NMR spectroscopy<\/li><li>Development of biologically active formulations with immortelle, lavender and rosemary extracts<\/li><li>Evaluation of the synergistic effects of cannabinoids and terpenes in topical preparations<\/li><\/ul><p>\u00a0<\/p><p><strong>Ethical and regulatory framework<\/strong><\/p><p>All processes are carried out in accordance with the principles:<br \/>&#8211; GMP (Good Manufacturing Practice)<br \/>&#8211; GLP (Good Laboratory Practice)<br \/>\u2013 ISO 9001 and ISO 14001 guidelines<br \/>\u2013 EU regulation on cosmetic, food and pharmaceutical products<\/p><p>The Institute operates within the legal framework of the Republic of Croatia and the European Union, and all products and protocols undergo internal and external quality control. The Institute, in cooperation with the certification body Quality Austria, is in the process of implementing a quality management system according to ISO 9001:2015, ISO 14001:2015 and HACCP standards for safety and process control in the production and handling of herbal extracts. The goal is to establish an integrated system that ensures full traceability, safety and compliance with EU regulations.<\/p>\t\t\t\t\t\t\t\t<\/div>\n\t\t\t\t<\/div>\n\t\t\t\t<\/div>\n\t\t\t\t\t<\/div>\n\t\t\t\t<\/div>\n\t\t<div class=\"elementor-element elementor-element-d8d79eb e-flex e-con-boxed e-con e-parent\" data-id=\"d8d79eb\" data-element_type=\"container\" data-settings=\"{&quot;jet_parallax_layout_list&quot;:[]}\">\n\t\t\t\t\t<div class=\"e-con-inner\">\n\t\t<div class=\"elementor-element elementor-element-7a3776f e-con-full e-flex e-con e-child\" data-id=\"7a3776f\" data-element_type=\"container\" data-settings=\"{&quot;jet_parallax_layout_list&quot;:[]}\">\n\t\t<div class=\"elementor-element elementor-element-387ab93 e-con-full e-flex e-con e-child\" data-id=\"387ab93\" data-element_type=\"container\" data-settings=\"{&quot;jet_parallax_layout_list&quot;:[]}\">\n\t\t\t\t<div class=\"elementor-element elementor-element-0147cc8 elementor-invisible elementor-widget elementor-widget-image\" data-id=\"0147cc8\" data-element_type=\"widget\" data-settings=\"{&quot;_animation&quot;:&quot;slideInDown&quot;}\" data-widget_type=\"image.default\">\n\t\t\t\t\t\t\t\t\t\t\t\t\t\t\t<img decoding=\"async\" width=\"2000\" height=\"1331\" src=\"https:\/\/greenbull.hr\/wp-content\/uploads\/2025\/08\/cbd-hemp-oil-hand-holding-bottle-of-cannabis-oil-against-marijuana-plant-6.jpg\" class=\"attachment-full size-full wp-image-304\" alt=\"\" srcset=\"https:\/\/greenbull.hr\/wp-content\/uploads\/2025\/08\/cbd-hemp-oil-hand-holding-bottle-of-cannabis-oil-against-marijuana-plant-6.jpg 2000w, https:\/\/greenbull.hr\/wp-content\/uploads\/2025\/08\/cbd-hemp-oil-hand-holding-bottle-of-cannabis-oil-against-marijuana-plant-6-300x200.jpg 300w, https:\/\/greenbull.hr\/wp-content\/uploads\/2025\/08\/cbd-hemp-oil-hand-holding-bottle-of-cannabis-oil-against-marijuana-plant-6-1024x681.jpg 1024w, https:\/\/greenbull.hr\/wp-content\/uploads\/2025\/08\/cbd-hemp-oil-hand-holding-bottle-of-cannabis-oil-against-marijuana-plant-6-768x511.jpg 768w, https:\/\/greenbull.hr\/wp-content\/uploads\/2025\/08\/cbd-hemp-oil-hand-holding-bottle-of-cannabis-oil-against-marijuana-plant-6-1536x1022.jpg 1536w\" sizes=\"(max-width: 2000px) 100vw, 2000px\" \/>\t\t\t\t\t\t\t\t\t\t\t\t\t\t\t<\/div>\n\t\t\t\t<div class=\"elementor-element elementor-element-e6d9f9b elementor-invisible elementor-widget elementor-widget-heading\" data-id=\"e6d9f9b\" data-element_type=\"widget\" data-settings=\"{&quot;_animation&quot;:&quot;slideInDown&quot;,&quot;_animation_delay&quot;:300}\" data-widget_type=\"heading.default\">\n\t\t\t\t\t<h2 class=\"elementor-heading-title elementor-size-default\">Our Products<\/h2>\t\t\t\t<\/div>\n\t\t\t\t<div class=\"elementor-element elementor-element-8b89b8d elementor-invisible elementor-widget elementor-widget-heading\" data-id=\"8b89b8d\" data-element_type=\"widget\" data-settings=\"{&quot;_animation&quot;:&quot;slideInDown&quot;,&quot;_animation_delay&quot;:500}\" data-widget_type=\"heading.default\">\n\t\t\t\t\t<h2 class=\"elementor-heading-title elementor-size-default\">\u2728 COSMETIC-GRADE BROAD-SPECTRUM CBD OIL (THC ND) \u2728<\/h2>\t\t\t\t<\/div>\n\t\t\t\t<div class=\"elementor-element elementor-element-f310553 elementor-widget__width-initial elementor-widget-mobile__width-inherit elementor-widget elementor-widget-text-editor\" data-id=\"f310553\" data-element_type=\"widget\" data-widget_type=\"text-editor.default\">\n\t\t\t\t\t\t\t\t\t<p>\u2013 CBD isolate over 99% pure<br \/>\u2013 Terpene profile according to client's wishes<br \/>\u2013 EU origin, tested and certified<\/p><p>In addition to standard research and development activities, Green Bull Institute offers high-quality phytochemical products for industrial applications, including CBD isolates, broad-spectrum oils and natural terpene fractions.<\/p><p>Cooperation and contact<br \/>Are you interested in collaborating with our research team?<br \/>Send a project proposal, sample for analysis, or partnership inquiry to:<\/p><p>\ud83d\udce7 institute@greenbull.hr<br \/>\ud83d\udccd Kurtovi\u0107i 17, 21231 Klis, Hrvatska<\/p>\t\t\t\t\t\t\t\t<\/div>\n\t\t\t\t<\/div>\n\t\t\t\t<\/div>\n\t\t\t\t\t<\/div>\n\t\t\t\t<\/div>\n\t\t\t\t<\/div>","protected":false},"excerpt":{"rendered":"<p>NA\u0160A TEHNOLOGIJA Green Bull Institut predstavlja znanstveno-istra\u017eiva\u010dki centar posve\u0107en razvoju naprednih tehnologija ekstrakcije, analize i standardizacije biljnih ekstrakata s posebnim naglaskom na kanabinoide, terpene i druge bioaktivne spojeve.\u00a0 Green Bull Institute for Advanced Botanical Research Na\u0161cilj Na\u0161 je cilj povezati znanost i industriju kroz inovativne pristupe koji omogu\u0107uju primjenu prirodnih sastojaka u farmaceutskoj, kozmeti\u010dkoj i [&hellip;]<\/p>","protected":false},"author":1,"featured_media":0,"parent":0,"menu_order":0,"comment_status":"closed","ping_status":"closed","template":"elementor_header_footer","meta":{"footnotes":""},"class_list":["post-1320","page","type-page","status-publish","hentry"],"_links":{"self":[{"href":"https:\/\/greenbull.hr\/en\/wp-json\/wp\/v2\/pages\/1320","targetHints":{"allow":["GET"]}}],"collection":[{"href":"https:\/\/greenbull.hr\/en\/wp-json\/wp\/v2\/pages"}],"about":[{"href":"https:\/\/greenbull.hr\/en\/wp-json\/wp\/v2\/types\/page"}],"author":[{"embeddable":true,"href":"https:\/\/greenbull.hr\/en\/wp-json\/wp\/v2\/users\/1"}],"replies":[{"embeddable":true,"href":"https:\/\/greenbull.hr\/en\/wp-json\/wp\/v2\/comments?post=1320"}],"version-history":[{"count":47,"href":"https:\/\/greenbull.hr\/en\/wp-json\/wp\/v2\/pages\/1320\/revisions"}],"predecessor-version":[{"id":1442,"href":"https:\/\/greenbull.hr\/en\/wp-json\/wp\/v2\/pages\/1320\/revisions\/1442"}],"wp:attachment":[{"href":"https:\/\/greenbull.hr\/en\/wp-json\/wp\/v2\/media?parent=1320"}],"curies":[{"name":"wp","href":"https:\/\/api.w.org\/{rel}","templated":true}]}}